{"id":611,"date":"2023-12-27T17:57:58","date_gmt":"2023-12-27T08:57:58","guid":{"rendered":"https:\/\/www.kimono-yamato.co.jp\/en\/?page_id=611"},"modified":"2025-04-01T11:51:54","modified_gmt":"2025-04-01T02:51:54","slug":"collaboration","status":"publish","type":"page","link":"https:\/\/www.kimono-yamato.co.jp\/en\/collaboration\/","title":{"rendered":"COLLABORATION"},"content":{"rendered":"<div class=\"corporate welfare pb_5 pt_5\">\r\n      <section class=\"corporate__inner section__inner -middle\">\r\n        <div class=\"corporate__body new-graduates__body\" style=\"padding-bottom:0;\">\r\n          <h1 class=\"page_ttl_sub ymtFont -mmo -albertusR txt_center pb_02\">COLLABORATION<\/h1>\r\n            <div class=\"flex flbox_bw pickUpFree\">\r\n\r\n            <div class=\"col2-1\" style=\"margin-bottom:10%;\">\r\n                <a href=\"https:\/\/www.kimono-yamato.co.jp\/en\/sukajan_kimono\/\">\r\n                  <div class=\"flex flbox_bw itemBox collaboCard backWhite bxs_bx\" style=\"border:1px solid #969696;\">\r\n                        <div class=\"column50-50\">\r\n                              <img decoding=\"async\" src=\"\/assets\/img\/collaboration\/collabo_sukajankimono.webp\" width=\"100%\" alt=\"SUKAJAN KIMONO\">\r\n                        <\/div>\r\n                        <div class=\"column50-50\">\r\n                              <img decoding=\"async\" src=\"\/assets\/img\/collaboration\/collabo_sukajan_logo.webp\" width=\"100%\" alt=\"SUKAJAN KIMONO\" class=\"pad02\">\r\n                        <\/div>\r\n                  <\/div>\r\n                <\/a>\r\n                <h3 class=\"ymtFont -mmo -albertusR page_ttl_middle pb_005 pt_01\">YAMATO Lab.<\/h3>\r\n                <p class=\"pb_005 page_ttl_small\">SUKAJAN KIMONO<\/p>\r\n                <p class=\"page_ttl_small txtRBrown lastItem txt_right\"><a href=\"https:\/\/www.kimono-yamato.co.jp\/en\/sukajan_kimono\/\">Read article\u3000<i class=\"fas fa-angle-right\"><\/i><\/a><\/p>\r\n            <\/div>\r\n\r\n            <div class=\"col2-1\" style=\"margin-bottom:10%;\">\r\n                <a href=\"https:\/\/global.kimono-yamato.com\/Page\/Feature_kbn_nathalielete.aspx\" target=\"_blank\" rel=\"noopener\">\r\n                  <div class=\"flex flbox_bw itemBox collaboCard backWhite bxs_bx\" style=\"border:1px solid #969696;\">\r\n                        <div class=\"column50-50\">\r\n                              <img decoding=\"async\" src=\"\/assets\/img\/collaboration\/collabo_card_nathalie.jpg\" width=\"100%\" alt=\"Nathalie L\u00e9t\u00e9\u00d7KIMONO by NADESHIKO Yukatas and accessories\">\r\n                        <\/div>\r\n                        <div class=\"column50-50\">\r\n                              <img decoding=\"async\" src=\"\/assets\/img\/collaboration\/collabo_card_nathalieleteLogo.jpg\" width=\"100%\" alt=\"Nathalie L\u00e9t\u00e9\u00d7KIMONO by NADESHIKO Yukatas and accessories\" class=\"pad02\">\r\n                        <\/div>\r\n                  <\/div>\r\n                <\/a>\r\n                <h3 class=\"ymtFont -mmo -albertusR page_ttl_middle pb_005 pt_01\">Nathalie L&eacute;t&eacute;\u00d7KIMONO by NADESHIKO<\/h3>\r\n                <p class=\"pb_005 page_ttl_small\">Yukatas and accessories<\/p>\r\n                <p class=\"page_ttl_small txtRBrown lastItem txt_right\"><a href=\"https:\/\/global.kimono-yamato.com\/Page\/Feature_kbn_nathalielete.aspx\" target=\"_blank\" rel=\"noopener\">Read article\u3000<i class=\"fas fa-angle-right\"><\/i><\/a><\/p>\r\n            <\/div>\r\n            <div class=\"col2-1\" style=\"margin-bottom:10%;\">\r\n                <a href=\"\/en\/articles\/talk_kimonodress\/\"><div class=\"flex flbox_bw itemBox collaboCard backWhite bxs_bx\" style=\"border:1px solid #969696;\">\r\n                <div class=\"column50-50\">\r\n                <img decoding=\"async\" src=\"\/assets\/img\/collaboration\/collabo_card_keisukekanda.jpg\" width=\"100%\" alt=\"keisuke kanda \u00d7 KIMONO by NADESHIKO Special dialogue between Keisuke Kanda, and Takayuki Yajima\">\r\n              <\/div>\r\n            <div class=\"column50-50\">\r\n                <img decoding=\"async\" src=\"\/assets\/img\/collaboration\/collabo_card_keisukekandaLogo.jpg\" width=\"100%\" alt=\"keisuke kanda \u00d7 KIMONO by NADESHIKO Special dialogue between Keisuke Kanda, and Takayuki Yajima\" class=\"pad05\">\r\n              <\/div>\r\n                    <\/div><\/a>\r\n                <h3 class=\"ymtFont -mmo -albertusR page_ttl_middle pb_005 pt_01\">KIMONO by NADESHIKO<\/h3>\r\n                <p class=\"pb_005 page_ttl_small\">Special dialogue between<br>Keisuke Kanda, and Takayuki Yajima<\/p>\r\n                <p class=\"page_ttl_small txtRBrown lastItem txt_right\"><a href=\"\/en\/articles\/talk_kimonodress\/\">Read article\u3000<i class=\"fas fa-angle-right\"><\/i><\/a><\/p>\r\n            <\/div>\r\n            <div class=\"col2-1\" style=\"margin-bottom:10%;\">\r\n                <a href=\"\/en\/articles\/agnesb_interview\/\"><div class=\"flex flbox_bw itemBox collaboCard backWhite bxs_bx\" style=\"border:1px solid #969696;\">\r\n                <div class=\"column50-50\"><img decoding=\"async\" src=\"\/assets\/img\/collaboration\/collabo_card_agnesb.jpg\" width=\"100%\" alt=\"agn\u00e8s b. \u00d7 YAMATO Tsunagari Project agn\u00e8s b. Interview\"><\/div>\r\n            <div class=\"column50-50\"><img decoding=\"async\" src=\"\/assets\/img\/collaboration\/collabo_card_agnesbLogo.jpg\" width=\"100%\" alt=\"agn\u00e8s b. \u00d7 YAMATO Tsunagari Project agn\u00e8s b. Interview\" class=\"pad02\"><\/div>\r\n                    <\/div><\/a>\r\n                <h3 class=\"ymtFont -mmo -albertusR page_ttl_middle pb_005 pt_01\">YAMATO Tsunagari Project<\/h3>\r\n                <p class=\"pb_005 page_ttl_small\">agn&egrave;s b. Interview<\/p>\r\n                <p class=\"page_ttl_small txtRBrown lastItem txt_right\"><a href=\"\/en\/articles\/agnesb_interview\/\">Read article\u3000<i class=\"fas fa-angle-right\"><\/i><\/a><\/p>\r\n            <\/div>\r\n                <div class=\"col2-1\" style=\"margin-bottom:10%;\">\r\n                <a href=\"https:\/\/global.kimono-yamato.com\/Page\/ytg_outdoor-kimono.aspx\" target=\"_blank\" rel=\"noopener\"><div class=\"flex flbox_bw itemBox collaboCard backWhite bxs_bx\" style=\"border:1px solid #969696;\">\r\n                <div class=\"column50-50\"><img decoding=\"async\" src=\"\/assets\/img\/collaboration\/collabo_card_snowpeakv2.jpg\" width=\"100%\" alt=\"snow peak \u00d7 YAMATO Tsunagari Project OUTDOOR \uff0a KIMONO\"><\/div>\r\n            <div class=\"column50-50\"><img decoding=\"async\" src=\"\/assets\/img\/collaboration\/collabo_card_snowpeakLogo.jpg\" width=\"100%\" alt=\"CASUKA \u00d7 YAMATO Tsunagari Project OUTDOOR \uff0a KIMONO\" class=\"pad02\"><\/div>\r\n                    <\/div><\/a>\r\n                <h3 class=\"ymtFont -mmo -albertusR page_ttl_middle pb_005 pt_01\">YAMATO Tsunagari Project<\/h3>\r\n                <p class=\"pb_005 page_ttl_small\">OUTDOOR \uff0a KIMONO<\/p>\r\n                <p class=\"page_ttl_small txtRBrown lastItem txt_right\"><a href=\"https:\/\/global.kimono-yamato.com\/Page\/ytg_outdoor-kimono.aspx\" target=\"_blank\" rel=\"noopener\">Read article\u3000<i class=\"fas fa-angle-right\"><\/i><\/a><\/p>\r\n            <\/div>\r\n                <div class=\"col2-1\" style=\"margin-bottom:10%;\">\r\n                <a href=\"https:\/\/www.yandsons.com\/en\/project\/t-kimono.html\" target=\"_blank\" rel=\"noopener\"><div class=\"flex flbox_bw itemBox collaboCard backWhite bxs_bx\" style=\"border:1px solid #969696;\">\r\n                <div class=\"column50-50\"><img decoding=\"async\" src=\"\/assets\/img\/collaboration\/collabo_card_tmichael.jpg\" width=\"100%\" alt=\"T-MICHAEL \u00d7 Y.&SONS T-KIMONO\"><\/div>\r\n            <div class=\"column50-50\"><img decoding=\"async\" src=\"\/assets\/img\/collaboration\/collabo_card_tmichaelLogo.jpg\" width=\"100%\" alt=\"T-MICHAEL \u00d7 Y.&SONS T-KIMONO\" class=\"pad02\"><\/div>\r\n                    <\/div><\/a>\r\n                <h3 class=\"ymtFont -mmo -albertusR page_ttl_middle pb_005 pt_01\">Y. &amp; SONS \u00d7 T-MICHAEL<\/h3>\r\n                <p class=\"pb_005 page_ttl_small\">T-KIMONO<\/p>\r\n                <p class=\"page_ttl_small txtRBrown lastItem txt_right\"><a href=\"https:\/\/www.yandsons.com\/en\/project\/t-kimono.html\" target=\"_blank\" rel=\"noopener\">Read article\u3000<i class=\"fas fa-angle-right\"><\/i><\/a><\/p>\r\n            <\/div>\r\n                <div class=\"col2-1\" style=\"margin-bottom:10%;\">\r\n                <a href=\"https:\/\/www.yandsons.com\/en\/project\/inoue-brothers.html\" target=\"_blank\" rel=\"noopener\"><div class=\"flex flbox_bw itemBox collaboCard backWhite bxs_bx\" style=\"border:1px solid #969696;\">\r\n                <div class=\"column50-50\"><img decoding=\"async\" src=\"\/assets\/img\/collaboration\/collabo_card_tib.jpg\" width=\"100%\" alt=\"THE INOUE BROTHERS \u00d7 Y. & SONS\"><\/div>\r\n            <div class=\"column50-50\"><img decoding=\"async\" src=\"\/assets\/img\/collaboration\/collabo_card_tibLogo.jpg\" width=\"100%\" alt=\"THE INOUE BROTHERS \u00d7 Y. & SONS\" class=\"pad02\"><\/div>\r\n                    <\/div><\/a>\r\n                <h3 class=\"ymtFont -mmo -albertusR page_ttl_middle pb_005 pt_01\">Y. &amp; SONS<\/h3>\r\n                <p class=\"pb_005 page_ttl_small\">Y. &amp; SONS \u00d7 THE INOUE BROTHERS<\/p>\r\n                <p class=\"page_ttl_small txtRBrown lastItem txt_right\"><a href=\"https:\/\/www.yandsons.com\/en\/project\/inoue-brothers.html\" target=\"_blank\" rel=\"noopener\">Read article\u3000<i class=\"fas fa-angle-right\"><\/i><\/a><\/p>\r\n            <\/div>\r\n                <div class=\"col2-1\" style=\"margin-bottom:10%;\">\r\n                <a href=\"\/en\/articles\/feature_2020_suzusan_kimonoyamato\/\"><div class=\"flex flbox_bw itemBox collaboCard backWhite bxs_bx\" style=\"border:1px solid #969696;\">\r\n                <div class=\"column50-50\"><img decoding=\"async\" src=\"\/assets\/img\/collaboration\/collabo_card_suzusan.jpg\" width=\"100%\" alt=\"suzusan x Kimono Yamato Collaborative outer\"><\/div>\r\n            <div class=\"column50-50\"><img decoding=\"async\" src=\"\/assets\/img\/collaboration\/collabo_card_suzusanLogo.jpg\" width=\"100%\" alt=\"suzusan x Kimono Yamato Collaborative outer\" class=\"pad02\"><\/div>\r\n                    <\/div><\/a>\r\n                <h3 class=\"ymtFont -mmo -albertusR page_ttl_middle pb_005 pt_01\">suzusan x Kimono Yamato<\/h3>\r\n                <p class=\"pb_005 page_ttl_small\">Collaborative outer<\/p>\r\n                <p class=\"page_ttl_small txtRBrown lastItem txt_right\"><a href=\"\/en\/articles\/feature_2020_suzusan_kimonoyamato\/\">Read article\u3000<i class=\"fas fa-angle-right\"><\/i><\/a><\/p>\r\n            <\/div>\r\n                <div class=\"col2-1\" style=\"margin-bottom:10%;\">\r\n                <a href=\"https:\/\/global.kimono-yamato.com\/Page\/Feature_ytp_christianpeau.aspx\" target=\"_blank\" rel=\"noopener\"><div class=\"flex flbox_bw itemBox collaboCard backWhite bxs_bx\" style=\"border:1px solid #969696;\">\r\n                <div class=\"column50-50\"><img decoding=\"async\" src=\"\/assets\/img\/collaboration\/collabo_card_cp.jpg\" width=\"100%\" alt=\"CHRISTIAN PEAU\u00d7YAMATO Tsunagari Project\"><\/div>\r\n            <div class=\"column50-50\"><img decoding=\"async\" src=\"\/assets\/img\/collaboration\/collabo_card_cpLogo.jpg\" width=\"100%\" alt=\"CHRISTIAN PEAU\u00d7YAMATO Tsunagari Project\" class=\"pad02\"><\/div>\r\n                    <\/div><\/a>\r\n                <h3 class=\"ymtFont -mmo -albertusR page_ttl_middle pb_005 pt_01\">YAMATO Tsunagari Project<\/h3>\r\n                <p class=\"pb_005 page_ttl_small\">CHRISTIAN PEAU \u00d7 YAMATO Remake project<\/p>\r\n                <p class=\"page_ttl_small txtRBrown lastItem txt_right\"><a href=\"https:\/\/global.kimono-yamato.com\/Page\/Feature_ytp_christianpeau.aspx\" target=\"_blank\" rel=\"noopener\">Read article\u3000<i class=\"fas fa-angle-right\"><\/i><\/a><\/p>\r\n            <\/div>\r\n            <\/div>\r\n        <\/div>\r\n      <\/section>\r\n    <\/div>\r\n    ","protected":false},"excerpt":{"rendered":"COLLABORATION YAMATO Lab. SUKAJAN KIMONO Read article\u3000 Nathalie L&eacute;t&eacute;\u00d7KIMONO by NADESHIKO Yukatas and accessories Read article\u3000 KIMONO by NADESHIKO Special dialogue betweenKeisuke Kanda, and Takayuki Yajima Read article\u3000 YAMATO Tsunagari Project agn&egrave;s b. Interview Read article\u3000 YAMATO Tsunagari Project OUTDOOR \uff0a KIMONO Read article\u3000 Y. &amp; SONS \u00d7 T-MICHAEL T-KIMONO Read article\u3000 Y. &amp; SONS [&hellip;]","protected":false},"author":1,"featured_media":0,"parent":0,"menu_order":0,"comment_status":"closed","ping_status":"closed","template":"page-contents.php","meta":{"footnotes":""},"class_list":["post-611","page","type-page","status-publish","hentry"],"aioseo_notices":[],"acf":[],"_links":{"self":[{"href":"https:\/\/www.kimono-yamato.co.jp\/en\/wp-json\/wp\/v2\/pages\/611","targetHints":{"allow":["GET"]}}],"collection":[{"href":"https:\/\/www.kimono-yamato.co.jp\/en\/wp-json\/wp\/v2\/pages"}],"about":[{"href":"https:\/\/www.kimono-yamato.co.jp\/en\/wp-json\/wp\/v2\/types\/page"}],"author":[{"embeddable":true,"href":"https:\/\/www.kimono-yamato.co.jp\/en\/wp-json\/wp\/v2\/users\/1"}],"replies":[{"embeddable":true,"href":"https:\/\/www.kimono-yamato.co.jp\/en\/wp-json\/wp\/v2\/comments?post=611"}],"version-history":[{"count":16,"href":"https:\/\/www.kimono-yamato.co.jp\/en\/wp-json\/wp\/v2\/pages\/611\/revisions"}],"predecessor-version":[{"id":869,"href":"https:\/\/www.kimono-yamato.co.jp\/en\/wp-json\/wp\/v2\/pages\/611\/revisions\/869"}],"wp:attachment":[{"href":"https:\/\/www.kimono-yamato.co.jp\/en\/wp-json\/wp\/v2\/media?parent=611"}],"curies":[{"name":"wp","href":"https:\/\/api.w.org\/{rel}","templated":true}]}}